{"id":219,"date":"2012-01-19T23:33:53","date_gmt":"2012-01-20T04:33:53","guid":{"rendered":"https:\/\/stjoan.org\/wp\/?page_id=219"},"modified":"2018-01-04T12:38:59","modified_gmt":"2018-01-04T17:38:59","slug":"monaguillos","status":"publish","type":"page","link":"https:\/\/stjoan.org\/wp\/ministries\/ministerio-cultural\/misa-espanol\/monaguillos\/","title":{"rendered":"Monaguillos"},"content":{"rendered":"<p style=\"text-align: center;\"><a href=\"https:\/\/stjoan.org\/wp\/wp-content\/uploads\/2012\/01\/Foto-Monaguillos1.jpg\"><img loading=\"lazy\" class=\"aligncenter size-full wp-image-2639\" src=\"https:\/\/stjoan.org\/wp\/wp-content\/uploads\/2012\/01\/Foto-Monaguillos1.jpg\" alt=\"\" width=\"480\" height=\"640\" srcset=\"https:\/\/stjoan.org\/wp\/wp-content\/uploads\/2012\/01\/Foto-Monaguillos1.jpg 480w, https:\/\/stjoan.org\/wp\/wp-content\/uploads\/2012\/01\/Foto-Monaguillos1-225x300.jpg 225w\" sizes=\"(max-width: 480px) 100vw, 480px\" \/><\/a><\/p>\n<p style=\"text-align: center;\"><span style=\"color: #339966;\"><strong>Si ya recibiste tu Primera Comunion, puedes ser Monaguillo.<\/strong><\/span><\/p>\n<p style=\"text-align: center;\"><strong><span style=\"color: #008000;\">Qu\u00e9 es un monaguillo ?<\/span><\/strong><\/p>\n<p>\u00a0Los ac\u00f3litos o monaguillos son ministros, ni\u00f1os o j\u00f3venes, que asisten al celebrante principal, en todas las celebraciones lit\u00fargicas y procesiones.\u00a0 Ellos desempe\u00f1an diversas funciones en el altar con el objeto de ayudar al orden y belleza lit\u00fargica.<\/p>\n<p><em>&#8220;&#8230;vuestro compromiso en el altar no es solo un deber, sino un gran honor, un aut\u00e9ntico servicio&#8221;. JPII<\/em><br \/>\n<em>&#8220;Vuestro servicio no puede limitarse al interior de una Iglesia, el testimonio debe irradiarse en la vida de cada d\u00eda: en la escuela, en la familia, y en los diversos \u00e1mbitos de la sociedad&#8221;. Juan Pablo II<\/em><\/p>\n<p>Ni\u00f1os y ni\u00f1as componen el cuerpo de monaguillos de la comunidad hispana que con mucho amor participan en la celebraci\u00f3n Eucar\u00edstica.\u00a0 El \u00fanico requisito necesario para ser monaguillo es haber recibido la Primera Comuni\u00f3n y tener muchos deseos de servir a Dios.\u00a0 Dentro de las ense\u00f1anzas que se le ofrecen a los j\u00f3venes, se les indica la manera correcta de vestir y actuar tanto en el momento de la misa como en las actividades de la vida cotidiana.\u00a0\u00a0 Los Monaguillos se preparan aprendiendo los nombres de los ornamentos lit\u00fargicos, y los elementos utilizados para la celebraci\u00f3n eucar\u00edstica, las partes de la Santa Misa y las oraciones.<\/p>\n<hr \/>\n<p>Young boys and girls make up the altar server\u2019s team that with much love\u00a0participate in\u00a0the Eucharistic celebration The only requirement\u00a0to be\u00a0an altar boy\u00a0is\u00a0to have received\u00a0first communion\u00a0and have\u00a0a great desire to\u00a0serve God. Among the\u00a0lessons that\u00a0are offered to\u00a0youth, they are taught \u00a0the correct way to\u00a0dress and act both during the Mass\u00a0and in the daily activities\u00a0.\u00a0The\u00a0Altar Servers\u00a0learn\u00a0the names of\u00a0the liturgical vestments,\u00a0and elements used\u00a0for the Eucharistic celebration\u00a0as well as the parts of\u00a0the Mass\u00a0and prayers<\/p>\n<p style=\"text-align: center;\">\u00a0<a href=\"https:\/\/stjoan.org\/wp\/wp-content\/uploads\/2012\/01\/IMG_4558-e1412447097806.jpg\"><img loading=\"lazy\" class=\"aligncenter size-medium wp-image-6295\" src=\"https:\/\/stjoan.org\/wp\/wp-content\/uploads\/2012\/01\/IMG_4558-e1412447097806-300x224.jpg\" alt=\"IMG_4558\" width=\"300\" height=\"224\" srcset=\"https:\/\/stjoan.org\/wp\/wp-content\/uploads\/2012\/01\/IMG_4558-e1412447097806-300x224.jpg 300w, https:\/\/stjoan.org\/wp\/wp-content\/uploads\/2012\/01\/IMG_4558-e1412447097806-1024x764.jpg 1024w\" sizes=\"(max-width: 300px) 100vw, 300px\" \/><\/a><\/p>\n<p>&nbsp;<\/p>\n","protected":false},"excerpt":{"rendered":"<p>Si ya recibiste tu Primera Comunion, puedes ser Monaguillo. Qu\u00e9 es un monaguillo ? \u00a0Los ac\u00f3litos o monaguillos son ministros, ni\u00f1os o j\u00f3venes, que asisten al celebrante principal, en todas las celebraciones lit\u00fargicas y procesiones.\u00a0 Ellos desempe\u00f1an diversas funciones en el altar con el objeto de ayudar al orden y belleza lit\u00fargica. &#8220;&#8230;vuestro compromiso en [&hellip;]<\/p>\n","protected":false},"author":1,"featured_media":0,"parent":273,"menu_order":6,"comment_status":"open","ping_status":"closed","template":"","meta":{"_links_to":"","_links_to_target":""},"yoast_head":"<!-- This site is optimized with the Yoast SEO plugin v18.2 - https:\/\/yoast.com\/wordpress\/plugins\/seo\/ -->\n<meta name=\"description\" content=\"St. Joan of Arc Catholic Church &amp; School, Boca Raton, Florida A diverse Catholic community, that joyfully worships God, celebrates fellowship and cares for our neighbor with steadfast faith, confident hope and passionate love. Our school is nationally recognized as a Blue Ribbon School of academic excellence. In all we do, we seek to follow the Gospel of Jesus Christ and build the Kingdom of God.\" \/>\n<meta name=\"robots\" content=\"index, follow, max-snippet:-1, max-image-preview:large, max-video-preview:-1\" \/>\n<link rel=\"canonical\" href=\"https:\/\/stjoan.org\/wp\/ministries\/ministerio-cultural\/misa-espanol\/monaguillos\/\" \/>\n<meta name=\"twitter:label1\" content=\"Est. reading time\" \/>\n\t<meta name=\"twitter:data1\" content=\"2 minutes\" \/>\n<script type=\"application\/ld+json\" class=\"yoast-schema-graph\">{\"@context\":\"https:\/\/schema.org\",\"@graph\":[{\"@type\":\"WebSite\",\"@id\":\"https:\/\/stjoan.org\/wp\/#website\",\"url\":\"https:\/\/stjoan.org\/wp\/\",\"name\":\"St. Joan of Arc Catholic Church and School\",\"description\":\"Blue Ribbon School of Academic Excellence\",\"potentialAction\":[{\"@type\":\"SearchAction\",\"target\":{\"@type\":\"EntryPoint\",\"urlTemplate\":\"https:\/\/stjoan.org\/wp\/?s={search_term_string}\"},\"query-input\":\"required name=search_term_string\"}],\"inLanguage\":\"en-US\"},{\"@type\":\"ImageObject\",\"@id\":\"https:\/\/stjoan.org\/wp\/ministries\/ministerio-cultural\/misa-espanol\/monaguillos\/#primaryimage\",\"inLanguage\":\"en-US\",\"url\":\"https:\/\/stjoan.org\/wp\/wp-content\/uploads\/2012\/01\/Foto-Monaguillos1.jpg\",\"contentUrl\":\"https:\/\/stjoan.org\/wp\/wp-content\/uploads\/2012\/01\/Foto-Monaguillos1.jpg\",\"width\":\"480\",\"height\":\"640\"},{\"@type\":\"WebPage\",\"@id\":\"https:\/\/stjoan.org\/wp\/ministries\/ministerio-cultural\/misa-espanol\/monaguillos\/#webpage\",\"url\":\"https:\/\/stjoan.org\/wp\/ministries\/ministerio-cultural\/misa-espanol\/monaguillos\/\",\"name\":\"Monaguillos - St. Joan of Arc Catholic Church and School\",\"isPartOf\":{\"@id\":\"https:\/\/stjoan.org\/wp\/#website\"},\"primaryImageOfPage\":{\"@id\":\"https:\/\/stjoan.org\/wp\/ministries\/ministerio-cultural\/misa-espanol\/monaguillos\/#primaryimage\"},\"datePublished\":\"2012-01-20T04:33:53+00:00\",\"dateModified\":\"2018-01-04T17:38:59+00:00\",\"description\":\"St. Joan of Arc Catholic Church & School, Boca Raton, Florida A diverse Catholic community, that joyfully worships God, celebrates fellowship and cares for our neighbor with steadfast faith, confident hope and passionate love. Our school is nationally recognized as a Blue Ribbon School of academic excellence. In all we do, we seek to follow the Gospel of Jesus Christ and build the Kingdom of God.\",\"breadcrumb\":{\"@id\":\"https:\/\/stjoan.org\/wp\/ministries\/ministerio-cultural\/misa-espanol\/monaguillos\/#breadcrumb\"},\"inLanguage\":\"en-US\",\"potentialAction\":[{\"@type\":\"ReadAction\",\"target\":[\"https:\/\/stjoan.org\/wp\/ministries\/ministerio-cultural\/misa-espanol\/monaguillos\/\"]}]},{\"@type\":\"BreadcrumbList\",\"@id\":\"https:\/\/stjoan.org\/wp\/ministries\/ministerio-cultural\/misa-espanol\/monaguillos\/#breadcrumb\",\"itemListElement\":[{\"@type\":\"ListItem\",\"position\":1,\"name\":\"Ministries\",\"item\":\"https:\/\/stjoan.org\/wp\/ministries\/\"},{\"@type\":\"ListItem\",\"position\":2,\"name\":\"Ministerio Hispano\",\"item\":\"https:\/\/stjoan.org\/wp\/ministries\/ministerio-cultural\/\"},{\"@type\":\"ListItem\",\"position\":3,\"name\":\"Misa en Espa\u00f1ol\",\"item\":\"https:\/\/stjoan.org\/wp\/ministries\/ministerio-cultural\/misa-espanol\/\"},{\"@type\":\"ListItem\",\"position\":4,\"name\":\"Monaguillos\"}]}]}<\/script>\n<!-- \/ Yoast SEO plugin. -->","yoast_head_json":{"description":"St. Joan of Arc Catholic Church & School, Boca Raton, Florida A diverse Catholic community, that joyfully worships God, celebrates fellowship and cares for our neighbor with steadfast faith, confident hope and passionate love. Our school is nationally recognized as a Blue Ribbon School of academic excellence. In all we do, we seek to follow the Gospel of Jesus Christ and build the Kingdom of God.","robots":{"index":"index","follow":"follow","max-snippet":"max-snippet:-1","max-image-preview":"max-image-preview:large","max-video-preview":"max-video-preview:-1"},"canonical":"https:\/\/stjoan.org\/wp\/ministries\/ministerio-cultural\/misa-espanol\/monaguillos\/","twitter_misc":{"Est. reading time":"2 minutes"},"schema":{"@context":"https:\/\/schema.org","@graph":[{"@type":"WebSite","@id":"https:\/\/stjoan.org\/wp\/#website","url":"https:\/\/stjoan.org\/wp\/","name":"St. Joan of Arc Catholic Church and School","description":"Blue Ribbon School of Academic Excellence","potentialAction":[{"@type":"SearchAction","target":{"@type":"EntryPoint","urlTemplate":"https:\/\/stjoan.org\/wp\/?s={search_term_string}"},"query-input":"required name=search_term_string"}],"inLanguage":"en-US"},{"@type":"ImageObject","@id":"https:\/\/stjoan.org\/wp\/ministries\/ministerio-cultural\/misa-espanol\/monaguillos\/#primaryimage","inLanguage":"en-US","url":"https:\/\/stjoan.org\/wp\/wp-content\/uploads\/2012\/01\/Foto-Monaguillos1.jpg","contentUrl":"https:\/\/stjoan.org\/wp\/wp-content\/uploads\/2012\/01\/Foto-Monaguillos1.jpg","width":"480","height":"640"},{"@type":"WebPage","@id":"https:\/\/stjoan.org\/wp\/ministries\/ministerio-cultural\/misa-espanol\/monaguillos\/#webpage","url":"https:\/\/stjoan.org\/wp\/ministries\/ministerio-cultural\/misa-espanol\/monaguillos\/","name":"Monaguillos - St. Joan of Arc Catholic Church and School","isPartOf":{"@id":"https:\/\/stjoan.org\/wp\/#website"},"primaryImageOfPage":{"@id":"https:\/\/stjoan.org\/wp\/ministries\/ministerio-cultural\/misa-espanol\/monaguillos\/#primaryimage"},"datePublished":"2012-01-20T04:33:53+00:00","dateModified":"2018-01-04T17:38:59+00:00","description":"St. Joan of Arc Catholic Church & School, Boca Raton, Florida A diverse Catholic community, that joyfully worships God, celebrates fellowship and cares for our neighbor with steadfast faith, confident hope and passionate love. Our school is nationally recognized as a Blue Ribbon School of academic excellence. In all we do, we seek to follow the Gospel of Jesus Christ and build the Kingdom of God.","breadcrumb":{"@id":"https:\/\/stjoan.org\/wp\/ministries\/ministerio-cultural\/misa-espanol\/monaguillos\/#breadcrumb"},"inLanguage":"en-US","potentialAction":[{"@type":"ReadAction","target":["https:\/\/stjoan.org\/wp\/ministries\/ministerio-cultural\/misa-espanol\/monaguillos\/"]}]},{"@type":"BreadcrumbList","@id":"https:\/\/stjoan.org\/wp\/ministries\/ministerio-cultural\/misa-espanol\/monaguillos\/#breadcrumb","itemListElement":[{"@type":"ListItem","position":1,"name":"Ministries","item":"https:\/\/stjoan.org\/wp\/ministries\/"},{"@type":"ListItem","position":2,"name":"Ministerio Hispano","item":"https:\/\/stjoan.org\/wp\/ministries\/ministerio-cultural\/"},{"@type":"ListItem","position":3,"name":"Misa en Espa\u00f1ol","item":"https:\/\/stjoan.org\/wp\/ministries\/ministerio-cultural\/misa-espanol\/"},{"@type":"ListItem","position":4,"name":"Monaguillos"}]}]}},"_links":{"self":[{"href":"https:\/\/stjoan.org\/wp\/wp-json\/wp\/v2\/pages\/219"}],"collection":[{"href":"https:\/\/stjoan.org\/wp\/wp-json\/wp\/v2\/pages"}],"about":[{"href":"https:\/\/stjoan.org\/wp\/wp-json\/wp\/v2\/types\/page"}],"author":[{"embeddable":true,"href":"https:\/\/stjoan.org\/wp\/wp-json\/wp\/v2\/users\/1"}],"replies":[{"embeddable":true,"href":"https:\/\/stjoan.org\/wp\/wp-json\/wp\/v2\/comments?post=219"}],"version-history":[{"count":17,"href":"https:\/\/stjoan.org\/wp\/wp-json\/wp\/v2\/pages\/219\/revisions"}],"predecessor-version":[{"id":16304,"href":"https:\/\/stjoan.org\/wp\/wp-json\/wp\/v2\/pages\/219\/revisions\/16304"}],"up":[{"embeddable":true,"href":"https:\/\/stjoan.org\/wp\/wp-json\/wp\/v2\/pages\/273"}],"wp:attachment":[{"href":"https:\/\/stjoan.org\/wp\/wp-json\/wp\/v2\/media?parent=219"}],"curies":[{"name":"wp","href":"https:\/\/api.w.org\/{rel}","templated":true}]}}