{"id":216,"date":"2012-01-19T23:22:49","date_gmt":"2012-01-20T04:22:49","guid":{"rendered":"https:\/\/stjoan.org\/wp\/?page_id=216"},"modified":"2012-09-17T16:29:52","modified_gmt":"2012-09-17T20:29:52","slug":"proclamadores-de-la-palabra","status":"publish","type":"page","link":"https:\/\/stjoan.org\/wp\/ministries\/ministerio-cultural\/misa-espanol\/proclamadores-de-la-palabra\/","title":{"rendered":"Proclamadores de la Palabra"},"content":{"rendered":"<p style=\"text-align: center\">\u00a0<\/p>\n<p style=\"text-align: center\"><a href=\"https:\/\/stjoan.org\/wp\/wp-content\/uploads\/2012\/01\/ProclamadoresPalabra.jpg\"><img loading=\"lazy\" class=\"aligncenter size-full wp-image-1878\" src=\"https:\/\/stjoan.org\/wp\/wp-content\/uploads\/2012\/01\/ProclamadoresPalabra.jpg\" alt=\"\" width=\"232\" height=\"348\" srcset=\"https:\/\/stjoan.org\/wp\/wp-content\/uploads\/2012\/01\/ProclamadoresPalabra.jpg 232w, https:\/\/stjoan.org\/wp\/wp-content\/uploads\/2012\/01\/ProclamadoresPalabra-200x300.jpg 200w\" sizes=\"(max-width: 232px) 100vw, 232px\" \/><\/a><a href=\"https:\/\/stjoan.org\/wp\/wp-content\/uploads\/2012\/01\/ProclamadoresPalabra.jpg\"><br \/>\n<\/a><span style=\"color: #008000\">Proxima reunion y taller\u00a0para Proclamadores de la Palabra Martes 13 de Noviembre a las 7:00pm en Mercy Center<\/span><\/p>\n<p>En la Santa Misa se dispone la mesa de la Palabra de Dios y del Cuerpo de Cristo en la que\u00a0 los fieles encuentran el mensaje y el alimento cristiano.\u00a0 Cristo se hace efectivamente presente, no s\u00f3lo en las especies eucar\u00edsticas sino tambi\u00e9n en la proclamaci\u00f3n de la palabra.\u00a0 La celebraci\u00f3n de la palabra en la Santa Misa es un verdadero di\u00e1logo que exige nuestra respuesta: es Dios que habla a su pueblo y este hace suya esta <em>palabra divina<\/em>. Como lectores somos responsables de proclamar la palabra que es alimento para recibir al Se\u00f1or en la Sagrada Comuni\u00f3n.<\/p>\n<p>&#8220;Por las escrituras, en efecto, somos conducidos a cumplir acciones virtuosas y a la pura contemplaci\u00f3n&#8221; .\u00a0 (San Juan Damasceno).<\/p>\n<p>&nbsp;<\/p>\n","protected":false},"excerpt":{"rendered":"<p>\u00a0 Proxima reunion y taller\u00a0para Proclamadores de la Palabra Martes 13 de Noviembre a las 7:00pm en Mercy Center En la Santa Misa se dispone la mesa de la Palabra de Dios y del Cuerpo de Cristo en la que\u00a0 los fieles encuentran el mensaje y el alimento cristiano.\u00a0 Cristo se hace efectivamente presente, no [&hellip;]<\/p>\n","protected":false},"author":1,"featured_media":0,"parent":273,"menu_order":4,"comment_status":"open","ping_status":"closed","template":"","meta":{"_links_to":"","_links_to_target":""},"yoast_head":"<!-- This site is optimized with the Yoast SEO plugin v18.2 - https:\/\/yoast.com\/wordpress\/plugins\/seo\/ -->\n<meta name=\"description\" content=\"St. Joan of Arc Catholic Church &amp; School, Boca Raton, Florida A diverse Catholic community, that joyfully worships God, celebrates fellowship and cares for our neighbor with steadfast faith, confident hope and passionate love. Our school is nationally recognized as a Blue Ribbon School of academic excellence. In all we do, we seek to follow the Gospel of Jesus Christ and build the Kingdom of God.\" \/>\n<meta name=\"robots\" content=\"index, follow, max-snippet:-1, max-image-preview:large, max-video-preview:-1\" \/>\n<link rel=\"canonical\" href=\"https:\/\/stjoan.org\/wp\/ministries\/ministerio-cultural\/misa-espanol\/proclamadores-de-la-palabra\/\" \/>\n<meta name=\"twitter:label1\" content=\"Est. reading time\" \/>\n\t<meta name=\"twitter:data1\" content=\"1 minute\" \/>\n<script type=\"application\/ld+json\" class=\"yoast-schema-graph\">{\"@context\":\"https:\/\/schema.org\",\"@graph\":[{\"@type\":\"WebSite\",\"@id\":\"https:\/\/stjoan.org\/wp\/#website\",\"url\":\"https:\/\/stjoan.org\/wp\/\",\"name\":\"St. Joan of Arc Catholic Church and School\",\"description\":\"Blue Ribbon School of Academic Excellence\",\"potentialAction\":[{\"@type\":\"SearchAction\",\"target\":{\"@type\":\"EntryPoint\",\"urlTemplate\":\"https:\/\/stjoan.org\/wp\/?s={search_term_string}\"},\"query-input\":\"required name=search_term_string\"}],\"inLanguage\":\"en-US\"},{\"@type\":\"ImageObject\",\"@id\":\"https:\/\/stjoan.org\/wp\/ministries\/ministerio-cultural\/misa-espanol\/proclamadores-de-la-palabra\/#primaryimage\",\"inLanguage\":\"en-US\",\"url\":\"https:\/\/stjoan.org\/wp\/wp-content\/uploads\/2012\/01\/ProclamadoresPalabra.jpg\",\"contentUrl\":\"https:\/\/stjoan.org\/wp\/wp-content\/uploads\/2012\/01\/ProclamadoresPalabra.jpg\",\"width\":\"232\",\"height\":\"348\"},{\"@type\":\"WebPage\",\"@id\":\"https:\/\/stjoan.org\/wp\/ministries\/ministerio-cultural\/misa-espanol\/proclamadores-de-la-palabra\/#webpage\",\"url\":\"https:\/\/stjoan.org\/wp\/ministries\/ministerio-cultural\/misa-espanol\/proclamadores-de-la-palabra\/\",\"name\":\"Proclamadores de la Palabra - St. Joan of Arc Catholic Church and School\",\"isPartOf\":{\"@id\":\"https:\/\/stjoan.org\/wp\/#website\"},\"primaryImageOfPage\":{\"@id\":\"https:\/\/stjoan.org\/wp\/ministries\/ministerio-cultural\/misa-espanol\/proclamadores-de-la-palabra\/#primaryimage\"},\"datePublished\":\"2012-01-20T04:22:49+00:00\",\"dateModified\":\"2012-09-17T20:29:52+00:00\",\"description\":\"St. Joan of Arc Catholic Church & School, Boca Raton, Florida A diverse Catholic community, that joyfully worships God, celebrates fellowship and cares for our neighbor with steadfast faith, confident hope and passionate love. Our school is nationally recognized as a Blue Ribbon School of academic excellence. In all we do, we seek to follow the Gospel of Jesus Christ and build the Kingdom of God.\",\"breadcrumb\":{\"@id\":\"https:\/\/stjoan.org\/wp\/ministries\/ministerio-cultural\/misa-espanol\/proclamadores-de-la-palabra\/#breadcrumb\"},\"inLanguage\":\"en-US\",\"potentialAction\":[{\"@type\":\"ReadAction\",\"target\":[\"https:\/\/stjoan.org\/wp\/ministries\/ministerio-cultural\/misa-espanol\/proclamadores-de-la-palabra\/\"]}]},{\"@type\":\"BreadcrumbList\",\"@id\":\"https:\/\/stjoan.org\/wp\/ministries\/ministerio-cultural\/misa-espanol\/proclamadores-de-la-palabra\/#breadcrumb\",\"itemListElement\":[{\"@type\":\"ListItem\",\"position\":1,\"name\":\"Ministries\",\"item\":\"https:\/\/stjoan.org\/wp\/ministries\/\"},{\"@type\":\"ListItem\",\"position\":2,\"name\":\"Ministerio Hispano\",\"item\":\"https:\/\/stjoan.org\/wp\/ministries\/ministerio-cultural\/\"},{\"@type\":\"ListItem\",\"position\":3,\"name\":\"Misa en Espa\u00f1ol\",\"item\":\"https:\/\/stjoan.org\/wp\/ministries\/ministerio-cultural\/misa-espanol\/\"},{\"@type\":\"ListItem\",\"position\":4,\"name\":\"Proclamadores de la Palabra\"}]}]}<\/script>\n<!-- \/ Yoast SEO plugin. -->","yoast_head_json":{"description":"St. Joan of Arc Catholic Church & School, Boca Raton, Florida A diverse Catholic community, that joyfully worships God, celebrates fellowship and cares for our neighbor with steadfast faith, confident hope and passionate love. Our school is nationally recognized as a Blue Ribbon School of academic excellence. In all we do, we seek to follow the Gospel of Jesus Christ and build the Kingdom of God.","robots":{"index":"index","follow":"follow","max-snippet":"max-snippet:-1","max-image-preview":"max-image-preview:large","max-video-preview":"max-video-preview:-1"},"canonical":"https:\/\/stjoan.org\/wp\/ministries\/ministerio-cultural\/misa-espanol\/proclamadores-de-la-palabra\/","twitter_misc":{"Est. reading time":"1 minute"},"schema":{"@context":"https:\/\/schema.org","@graph":[{"@type":"WebSite","@id":"https:\/\/stjoan.org\/wp\/#website","url":"https:\/\/stjoan.org\/wp\/","name":"St. Joan of Arc Catholic Church and School","description":"Blue Ribbon School of Academic Excellence","potentialAction":[{"@type":"SearchAction","target":{"@type":"EntryPoint","urlTemplate":"https:\/\/stjoan.org\/wp\/?s={search_term_string}"},"query-input":"required name=search_term_string"}],"inLanguage":"en-US"},{"@type":"ImageObject","@id":"https:\/\/stjoan.org\/wp\/ministries\/ministerio-cultural\/misa-espanol\/proclamadores-de-la-palabra\/#primaryimage","inLanguage":"en-US","url":"https:\/\/stjoan.org\/wp\/wp-content\/uploads\/2012\/01\/ProclamadoresPalabra.jpg","contentUrl":"https:\/\/stjoan.org\/wp\/wp-content\/uploads\/2012\/01\/ProclamadoresPalabra.jpg","width":"232","height":"348"},{"@type":"WebPage","@id":"https:\/\/stjoan.org\/wp\/ministries\/ministerio-cultural\/misa-espanol\/proclamadores-de-la-palabra\/#webpage","url":"https:\/\/stjoan.org\/wp\/ministries\/ministerio-cultural\/misa-espanol\/proclamadores-de-la-palabra\/","name":"Proclamadores de la Palabra - St. Joan of Arc Catholic Church and School","isPartOf":{"@id":"https:\/\/stjoan.org\/wp\/#website"},"primaryImageOfPage":{"@id":"https:\/\/stjoan.org\/wp\/ministries\/ministerio-cultural\/misa-espanol\/proclamadores-de-la-palabra\/#primaryimage"},"datePublished":"2012-01-20T04:22:49+00:00","dateModified":"2012-09-17T20:29:52+00:00","description":"St. Joan of Arc Catholic Church & School, Boca Raton, Florida A diverse Catholic community, that joyfully worships God, celebrates fellowship and cares for our neighbor with steadfast faith, confident hope and passionate love. Our school is nationally recognized as a Blue Ribbon School of academic excellence. In all we do, we seek to follow the Gospel of Jesus Christ and build the Kingdom of God.","breadcrumb":{"@id":"https:\/\/stjoan.org\/wp\/ministries\/ministerio-cultural\/misa-espanol\/proclamadores-de-la-palabra\/#breadcrumb"},"inLanguage":"en-US","potentialAction":[{"@type":"ReadAction","target":["https:\/\/stjoan.org\/wp\/ministries\/ministerio-cultural\/misa-espanol\/proclamadores-de-la-palabra\/"]}]},{"@type":"BreadcrumbList","@id":"https:\/\/stjoan.org\/wp\/ministries\/ministerio-cultural\/misa-espanol\/proclamadores-de-la-palabra\/#breadcrumb","itemListElement":[{"@type":"ListItem","position":1,"name":"Ministries","item":"https:\/\/stjoan.org\/wp\/ministries\/"},{"@type":"ListItem","position":2,"name":"Ministerio Hispano","item":"https:\/\/stjoan.org\/wp\/ministries\/ministerio-cultural\/"},{"@type":"ListItem","position":3,"name":"Misa en Espa\u00f1ol","item":"https:\/\/stjoan.org\/wp\/ministries\/ministerio-cultural\/misa-espanol\/"},{"@type":"ListItem","position":4,"name":"Proclamadores de la Palabra"}]}]}},"_links":{"self":[{"href":"https:\/\/stjoan.org\/wp\/wp-json\/wp\/v2\/pages\/216"}],"collection":[{"href":"https:\/\/stjoan.org\/wp\/wp-json\/wp\/v2\/pages"}],"about":[{"href":"https:\/\/stjoan.org\/wp\/wp-json\/wp\/v2\/types\/page"}],"author":[{"embeddable":true,"href":"https:\/\/stjoan.org\/wp\/wp-json\/wp\/v2\/users\/1"}],"replies":[{"embeddable":true,"href":"https:\/\/stjoan.org\/wp\/wp-json\/wp\/v2\/comments?post=216"}],"version-history":[{"count":10,"href":"https:\/\/stjoan.org\/wp\/wp-json\/wp\/v2\/pages\/216\/revisions"}],"predecessor-version":[{"id":2573,"href":"https:\/\/stjoan.org\/wp\/wp-json\/wp\/v2\/pages\/216\/revisions\/2573"}],"up":[{"embeddable":true,"href":"https:\/\/stjoan.org\/wp\/wp-json\/wp\/v2\/pages\/273"}],"wp:attachment":[{"href":"https:\/\/stjoan.org\/wp\/wp-json\/wp\/v2\/media?parent=216"}],"curies":[{"name":"wp","href":"https:\/\/api.w.org\/{rel}","templated":true}]}}