{"id":21174,"date":"2019-02-08T04:35:05","date_gmt":"2019-02-08T09:35:05","guid":{"rendered":"https:\/\/stjoan.org\/wp\/?page_id=21174"},"modified":"2021-12-29T03:22:18","modified_gmt":"2021-12-29T08:22:18","slug":"sja-registration-form","status":"publish","type":"page","link":"https:\/\/stjoan.org\/wp\/sja-registration-form\/","title":{"rendered":"SJA Registration Form"},"content":{"rendered":"\n<div class=\"wp-block-image\"><figure class=\"aligncenter is-resized\"><img loading=\"lazy\" src=\"https:\/\/stjoan.org\/wp\/wp-content\/uploads\/2019\/02\/Join_our_Flock2-1024x578.jpg\" alt=\"\" class=\"wp-image-21176\" width=\"617\" height=\"348\" srcset=\"https:\/\/stjoan.org\/wp\/wp-content\/uploads\/2019\/02\/Join_our_Flock2-1024x578.jpg 1024w, https:\/\/stjoan.org\/wp\/wp-content\/uploads\/2019\/02\/Join_our_Flock2-300x169.jpg 300w, https:\/\/stjoan.org\/wp\/wp-content\/uploads\/2019\/02\/Join_our_Flock2-768x433.jpg 768w\" sizes=\"(max-width: 617px) 100vw, 617px\" \/><\/figure><\/div>\n\n\n\n<p><p style=\"font-size:1.3em;\"><strong>Welcome to St. Joan of Arc Catholic\nChurch!&nbsp;<\/strong><\/p><\/p>\n\n\n\n<p> Your caring Catholic community in east Boca Raton.<\/p>\n\n\n\n<p>We invite you to download the attached form, print it and fill it in to begin the Registration Process.<\/p>\n\n\n\n<p>Once you have filled the form, please stop by our Parish Office and present it at reception. One of our SJA parish staff members will be happy to assist you in finalizing your registration.\n\n<\/p>\n\n\n\n<p>\n\nSt. Joan of Arc Parish Office<br>370 SW 3rd Street, Boca Raton, Fl 33432<br>561-392-0007\n\n<\/p>\n\n\n\n<div class=\"wp-block-file\"><a href=\"https:\/\/stjoan.org\/wp\/wp-content\/uploads\/2019\/02\/SJA-Registration.pdf\">SJA-Registration.pdf<\/a><a href=\"https:\/\/stjoan.org\/wp\/wp-content\/uploads\/2019\/02\/SJA-Registration.pdf\" class=\"wp-block-file__button\" download>Download<\/a><\/div>\n\n\n\n<p><p style=\"font-size:1.3em;\"><strong>Bienvenido a la Iglesia St. Joan of Arc!<\/strong><\/p><\/p>\n\n\n\n<p>\n\nSu comunidad Cat\u00f3lica localizada al este de Boca Rat\u00f3n.<\/p>\n\n\n\n<p>Lo invitamos a que descargue el formulario que aqu\u00ed adjuntamos, lo imprima y lo rellene para empezar el Proceso de Registro.<\/p>\n\n\n\n<p>Una vez que haya completado el formulario, pase por nuestra Oficina Parroquial y pres\u00e9ntelo en la recepci\u00f3n. Uno de los miembros del personal de nuestra parroquia de SJA estar\u00e1 encantado de ayudarle a finalizar su registro. <\/p>\n\n\n\n<p>\n\nSt. Joan of Arc Parish Office<br>370 SW 3rd Street, Boca Raton, Fl 33432<br>561-392-0007\n\n<\/p>\n\n\n\n<div class=\"wp-block-file\"><a href=\"https:\/\/stjoan.org\/wp\/wp-content\/uploads\/2019\/02\/SJA-Registro.pdf\">SJA-Registro.pdf<\/a><a href=\"https:\/\/stjoan.org\/wp\/wp-content\/uploads\/2019\/02\/SJA-Registro.pdf\" class=\"wp-block-file__button\" download>Download<\/a><\/div>\n\n\n\n<p><\/p>\n","protected":false},"excerpt":{"rendered":"<p>Welcome to St. Joan of Arc Catholic Church!&nbsp; Your caring Catholic community in east Boca Raton. We invite you to download the attached form, print it and fill it in to begin the Registration Process. Once you have filled the form, please stop by our Parish Office and present it at reception. One of our [&hellip;]<\/p>\n","protected":false},"author":42,"featured_media":0,"parent":0,"menu_order":0,"comment_status":"closed","ping_status":"closed","template":"","meta":{"_links_to":"","_links_to_target":""},"yoast_head":"<!-- This site is optimized with the Yoast SEO plugin v18.2 - https:\/\/yoast.com\/wordpress\/plugins\/seo\/ -->\n<meta name=\"description\" content=\"St. Joan of Arc Catholic Church &amp; School, Boca Raton, Florida A diverse Catholic community, that joyfully worships God, celebrates fellowship and cares for our neighbor with steadfast faith, confident hope and passionate love. Our school is nationally recognized as a Blue Ribbon School of academic excellence. In all we do, we seek to follow the Gospel of Jesus Christ and build the Kingdom of God.\" \/>\n<meta name=\"robots\" content=\"index, follow, max-snippet:-1, max-image-preview:large, max-video-preview:-1\" \/>\n<link rel=\"canonical\" href=\"https:\/\/stjoan.org\/wp\/sja-registration-form\/\" \/>\n<meta name=\"twitter:label1\" content=\"Est. reading time\" \/>\n\t<meta name=\"twitter:data1\" content=\"1 minute\" \/>\n<script type=\"application\/ld+json\" class=\"yoast-schema-graph\">{\"@context\":\"https:\/\/schema.org\",\"@graph\":[{\"@type\":\"WebSite\",\"@id\":\"https:\/\/stjoan.org\/wp\/#website\",\"url\":\"https:\/\/stjoan.org\/wp\/\",\"name\":\"St. Joan of Arc Catholic Church and School\",\"description\":\"Blue Ribbon School of Academic Excellence\",\"potentialAction\":[{\"@type\":\"SearchAction\",\"target\":{\"@type\":\"EntryPoint\",\"urlTemplate\":\"https:\/\/stjoan.org\/wp\/?s={search_term_string}\"},\"query-input\":\"required name=search_term_string\"}],\"inLanguage\":\"en-US\"},{\"@type\":\"ImageObject\",\"@id\":\"https:\/\/stjoan.org\/wp\/sja-registration-form\/#primaryimage\",\"inLanguage\":\"en-US\",\"url\":\"https:\/\/stjoan.org\/wp\/wp-content\/uploads\/2019\/02\/Join_our_Flock2.jpg\",\"contentUrl\":\"https:\/\/stjoan.org\/wp\/wp-content\/uploads\/2019\/02\/Join_our_Flock2.jpg\",\"width\":4200,\"height\":2369},{\"@type\":\"WebPage\",\"@id\":\"https:\/\/stjoan.org\/wp\/sja-registration-form\/#webpage\",\"url\":\"https:\/\/stjoan.org\/wp\/sja-registration-form\/\",\"name\":\"SJA Registration Form - St. Joan of Arc Catholic Church and School\",\"isPartOf\":{\"@id\":\"https:\/\/stjoan.org\/wp\/#website\"},\"primaryImageOfPage\":{\"@id\":\"https:\/\/stjoan.org\/wp\/sja-registration-form\/#primaryimage\"},\"datePublished\":\"2019-02-08T09:35:05+00:00\",\"dateModified\":\"2021-12-29T08:22:18+00:00\",\"description\":\"St. Joan of Arc Catholic Church & School, Boca Raton, Florida A diverse Catholic community, that joyfully worships God, celebrates fellowship and cares for our neighbor with steadfast faith, confident hope and passionate love. Our school is nationally recognized as a Blue Ribbon School of academic excellence. In all we do, we seek to follow the Gospel of Jesus Christ and build the Kingdom of God.\",\"breadcrumb\":{\"@id\":\"https:\/\/stjoan.org\/wp\/sja-registration-form\/#breadcrumb\"},\"inLanguage\":\"en-US\",\"potentialAction\":[{\"@type\":\"ReadAction\",\"target\":[\"https:\/\/stjoan.org\/wp\/sja-registration-form\/\"]}]},{\"@type\":\"BreadcrumbList\",\"@id\":\"https:\/\/stjoan.org\/wp\/sja-registration-form\/#breadcrumb\",\"itemListElement\":[{\"@type\":\"ListItem\",\"position\":1,\"name\":\"SJA Registration Form\"}]}]}<\/script>\n<!-- \/ Yoast SEO plugin. -->","yoast_head_json":{"description":"St. Joan of Arc Catholic Church & School, Boca Raton, Florida A diverse Catholic community, that joyfully worships God, celebrates fellowship and cares for our neighbor with steadfast faith, confident hope and passionate love. Our school is nationally recognized as a Blue Ribbon School of academic excellence. In all we do, we seek to follow the Gospel of Jesus Christ and build the Kingdom of God.","robots":{"index":"index","follow":"follow","max-snippet":"max-snippet:-1","max-image-preview":"max-image-preview:large","max-video-preview":"max-video-preview:-1"},"canonical":"https:\/\/stjoan.org\/wp\/sja-registration-form\/","twitter_misc":{"Est. reading time":"1 minute"},"schema":{"@context":"https:\/\/schema.org","@graph":[{"@type":"WebSite","@id":"https:\/\/stjoan.org\/wp\/#website","url":"https:\/\/stjoan.org\/wp\/","name":"St. Joan of Arc Catholic Church and School","description":"Blue Ribbon School of Academic Excellence","potentialAction":[{"@type":"SearchAction","target":{"@type":"EntryPoint","urlTemplate":"https:\/\/stjoan.org\/wp\/?s={search_term_string}"},"query-input":"required name=search_term_string"}],"inLanguage":"en-US"},{"@type":"ImageObject","@id":"https:\/\/stjoan.org\/wp\/sja-registration-form\/#primaryimage","inLanguage":"en-US","url":"https:\/\/stjoan.org\/wp\/wp-content\/uploads\/2019\/02\/Join_our_Flock2.jpg","contentUrl":"https:\/\/stjoan.org\/wp\/wp-content\/uploads\/2019\/02\/Join_our_Flock2.jpg","width":4200,"height":2369},{"@type":"WebPage","@id":"https:\/\/stjoan.org\/wp\/sja-registration-form\/#webpage","url":"https:\/\/stjoan.org\/wp\/sja-registration-form\/","name":"SJA Registration Form - St. Joan of Arc Catholic Church and School","isPartOf":{"@id":"https:\/\/stjoan.org\/wp\/#website"},"primaryImageOfPage":{"@id":"https:\/\/stjoan.org\/wp\/sja-registration-form\/#primaryimage"},"datePublished":"2019-02-08T09:35:05+00:00","dateModified":"2021-12-29T08:22:18+00:00","description":"St. Joan of Arc Catholic Church & School, Boca Raton, Florida A diverse Catholic community, that joyfully worships God, celebrates fellowship and cares for our neighbor with steadfast faith, confident hope and passionate love. Our school is nationally recognized as a Blue Ribbon School of academic excellence. In all we do, we seek to follow the Gospel of Jesus Christ and build the Kingdom of God.","breadcrumb":{"@id":"https:\/\/stjoan.org\/wp\/sja-registration-form\/#breadcrumb"},"inLanguage":"en-US","potentialAction":[{"@type":"ReadAction","target":["https:\/\/stjoan.org\/wp\/sja-registration-form\/"]}]},{"@type":"BreadcrumbList","@id":"https:\/\/stjoan.org\/wp\/sja-registration-form\/#breadcrumb","itemListElement":[{"@type":"ListItem","position":1,"name":"SJA Registration Form"}]}]}},"_links":{"self":[{"href":"https:\/\/stjoan.org\/wp\/wp-json\/wp\/v2\/pages\/21174"}],"collection":[{"href":"https:\/\/stjoan.org\/wp\/wp-json\/wp\/v2\/pages"}],"about":[{"href":"https:\/\/stjoan.org\/wp\/wp-json\/wp\/v2\/types\/page"}],"author":[{"embeddable":true,"href":"https:\/\/stjoan.org\/wp\/wp-json\/wp\/v2\/users\/42"}],"replies":[{"embeddable":true,"href":"https:\/\/stjoan.org\/wp\/wp-json\/wp\/v2\/comments?post=21174"}],"version-history":[{"count":11,"href":"https:\/\/stjoan.org\/wp\/wp-json\/wp\/v2\/pages\/21174\/revisions"}],"predecessor-version":[{"id":24504,"href":"https:\/\/stjoan.org\/wp\/wp-json\/wp\/v2\/pages\/21174\/revisions\/24504"}],"wp:attachment":[{"href":"https:\/\/stjoan.org\/wp\/wp-json\/wp\/v2\/media?parent=21174"}],"curies":[{"name":"wp","href":"https:\/\/api.w.org\/{rel}","templated":true}]}}