{"id":201,"date":"2012-01-19T23:12:13","date_gmt":"2012-01-20T04:12:13","guid":{"rendered":"https:\/\/stjoan.org\/wp\/?page_id=201"},"modified":"2016-08-05T12:26:33","modified_gmt":"2016-08-05T16:26:33","slug":"rica","status":"publish","type":"page","link":"https:\/\/stjoan.org\/wp\/ministries\/ministerio-cultural\/spanish-ministries\/rica\/","title":{"rendered":"RICA"},"content":{"rendered":"<p style=\"text-align: center;\"><a href=\"https:\/\/stjoan.org\/wp\/wp-content\/uploads\/2012\/01\/RICA.jpg\"><img loading=\"lazy\" class=\"aligncenter size-full wp-image-2346\" title=\"RICA\" src=\"https:\/\/stjoan.org\/wp\/wp-content\/uploads\/2012\/01\/RICA.jpg\" alt=\"\" width=\"454\" height=\"253\" srcset=\"https:\/\/stjoan.org\/wp\/wp-content\/uploads\/2012\/01\/RICA.jpg 454w, https:\/\/stjoan.org\/wp\/wp-content\/uploads\/2012\/01\/RICA-300x167.jpg 300w\" sizes=\"(max-width: 454px) 100vw, 454px\" \/><\/a><\/p>\n<p><span style=\"color: #008000;\"><strong>RICA \u2013 Rito de Iniciaci\u00f3n Cristiana para Adultos<\/strong><\/span><\/p>\n<p>RICA es un proceso por el cual una persona que desea recibir los sacramentos en la Iglesia Cat\u00f3lica es instruida en la fe Cat\u00f3lica y luego recibida como fiel de la Iglesia.<br \/>\nSi usted desea ser Cat\u00f3lico o conoce alguna persona que tiene esa inquietud puede llamar al ministerio de formaci\u00f3n religiosa de la parroquia.<br \/>\nTambi\u00e9n aquellos adultos mayores de 18 a\u00f1os que ya han sido bautizados pero desean recibir la Sagrada Comuni\u00f3n y el sacramento de la Confirmaci\u00f3n pueden participar de este programa.<br \/>\nLos cursos de RICA \u2013\u00a0 comienzan en septiembre y se re\u00fanen una vez por semana.\u00a0 Los candidatos y catec\u00famenos son recibidos en la fe en la vigilia de Pascua.<\/p>\n<p><span style=\"color: #008000;\"><strong>RCIA\u00a0\u2013 The Rite of\u00a0<span style=\"color: #008000;\">Christian <\/span>Initiation\u00a0for Adults<\/strong><\/span><\/p>\n<p>Is\u00a0a process by\u00a0which a person\u00a0who wishes to receive the\u00a0sacraments and be received in the\u00a0Catholic\u00a0Church\u00a0 is instructed in the Catholic faith \u00a0and then received as a\u00a0faithful of Church. If\u00a0you want to be\u00a0Catholic\u00a0or know\u00a0someone who wants to, call the\u00a0ministry of religious\u00a0education for more information. Also\u00a0adults over\u00a018 who\u00a0have\u00a0been baptized\u00a0but wish to\u00a0receive Holy\u00a0Communion and\u00a0the Sacrament\u00a0of Confirmation\u00a0can participate in\u00a0this program.\u00a0 RICA\u00a0courses\u00a0&#8211;\u00a0begin\u00a0in September and\u00a0meets \u00a0once a\u00a0week.\u00a0 The candidates and\u00a0catechumens\u00a0are received into\u00a0the faith\u00a0at the \u00a0Easter\u00a0Vigil.<\/p>\n","protected":false},"excerpt":{"rendered":"<p>RICA \u2013 Rito de Iniciaci\u00f3n Cristiana para Adultos RICA es un proceso por el cual una persona que desea recibir los sacramentos en la Iglesia Cat\u00f3lica es instruida en la fe Cat\u00f3lica y luego recibida como fiel de la Iglesia. Si usted desea ser Cat\u00f3lico o conoce alguna persona que tiene esa inquietud puede llamar [&hellip;]<\/p>\n","protected":false},"author":1,"featured_media":0,"parent":190,"menu_order":9,"comment_status":"open","ping_status":"open","template":"","meta":{"_links_to":"","_links_to_target":""},"yoast_head":"<!-- This site is optimized with the Yoast SEO plugin v18.2 - https:\/\/yoast.com\/wordpress\/plugins\/seo\/ -->\n<meta name=\"description\" content=\"St. Joan of Arc Catholic Church &amp; School, Boca Raton, Florida A diverse Catholic community, that joyfully worships God, celebrates fellowship and cares for our neighbor with steadfast faith, confident hope and passionate love. Our school is nationally recognized as a Blue Ribbon School of academic excellence. In all we do, we seek to follow the Gospel of Jesus Christ and build the Kingdom of God.\" \/>\n<meta name=\"robots\" content=\"index, follow, max-snippet:-1, max-image-preview:large, max-video-preview:-1\" \/>\n<link rel=\"canonical\" href=\"https:\/\/stjoan.org\/wp\/ministries\/ministerio-cultural\/spanish-ministries\/rica\/\" \/>\n<meta name=\"twitter:label1\" content=\"Est. reading time\" \/>\n\t<meta name=\"twitter:data1\" content=\"1 minute\" \/>\n<script type=\"application\/ld+json\" class=\"yoast-schema-graph\">{\"@context\":\"https:\/\/schema.org\",\"@graph\":[{\"@type\":\"WebSite\",\"@id\":\"https:\/\/stjoan.org\/wp\/#website\",\"url\":\"https:\/\/stjoan.org\/wp\/\",\"name\":\"St. Joan of Arc Catholic Church and School\",\"description\":\"Blue Ribbon School of Academic Excellence\",\"potentialAction\":[{\"@type\":\"SearchAction\",\"target\":{\"@type\":\"EntryPoint\",\"urlTemplate\":\"https:\/\/stjoan.org\/wp\/?s={search_term_string}\"},\"query-input\":\"required name=search_term_string\"}],\"inLanguage\":\"en-US\"},{\"@type\":\"ImageObject\",\"@id\":\"https:\/\/stjoan.org\/wp\/ministries\/ministerio-cultural\/spanish-ministries\/rica\/#primaryimage\",\"inLanguage\":\"en-US\",\"url\":\"https:\/\/stjoan.org\/wp\/wp-content\/uploads\/2012\/01\/RICA.jpg\",\"contentUrl\":\"https:\/\/stjoan.org\/wp\/wp-content\/uploads\/2012\/01\/RICA.jpg\",\"width\":\"454\",\"height\":\"253\"},{\"@type\":\"WebPage\",\"@id\":\"https:\/\/stjoan.org\/wp\/ministries\/ministerio-cultural\/spanish-ministries\/rica\/#webpage\",\"url\":\"https:\/\/stjoan.org\/wp\/ministries\/ministerio-cultural\/spanish-ministries\/rica\/\",\"name\":\"RICA - St. Joan of Arc Catholic Church and School\",\"isPartOf\":{\"@id\":\"https:\/\/stjoan.org\/wp\/#website\"},\"primaryImageOfPage\":{\"@id\":\"https:\/\/stjoan.org\/wp\/ministries\/ministerio-cultural\/spanish-ministries\/rica\/#primaryimage\"},\"datePublished\":\"2012-01-20T04:12:13+00:00\",\"dateModified\":\"2016-08-05T16:26:33+00:00\",\"description\":\"St. Joan of Arc Catholic Church & School, Boca Raton, Florida A diverse Catholic community, that joyfully worships God, celebrates fellowship and cares for our neighbor with steadfast faith, confident hope and passionate love. Our school is nationally recognized as a Blue Ribbon School of academic excellence. In all we do, we seek to follow the Gospel of Jesus Christ and build the Kingdom of God.\",\"breadcrumb\":{\"@id\":\"https:\/\/stjoan.org\/wp\/ministries\/ministerio-cultural\/spanish-ministries\/rica\/#breadcrumb\"},\"inLanguage\":\"en-US\",\"potentialAction\":[{\"@type\":\"ReadAction\",\"target\":[\"https:\/\/stjoan.org\/wp\/ministries\/ministerio-cultural\/spanish-ministries\/rica\/\"]}]},{\"@type\":\"BreadcrumbList\",\"@id\":\"https:\/\/stjoan.org\/wp\/ministries\/ministerio-cultural\/spanish-ministries\/rica\/#breadcrumb\",\"itemListElement\":[{\"@type\":\"ListItem\",\"position\":1,\"name\":\"Ministries\",\"item\":\"https:\/\/stjoan.org\/wp\/ministries\/\"},{\"@type\":\"ListItem\",\"position\":2,\"name\":\"Ministerio Hispano\",\"item\":\"https:\/\/stjoan.org\/wp\/ministries\/ministerio-cultural\/\"},{\"@type\":\"ListItem\",\"position\":3,\"name\":\"Sacramentos\",\"item\":\"https:\/\/stjoan.org\/wp\/ministries\/ministerio-cultural\/spanish-ministries\/\"},{\"@type\":\"ListItem\",\"position\":4,\"name\":\"RICA\"}]}]}<\/script>\n<!-- \/ Yoast SEO plugin. -->","yoast_head_json":{"description":"St. Joan of Arc Catholic Church & School, Boca Raton, Florida A diverse Catholic community, that joyfully worships God, celebrates fellowship and cares for our neighbor with steadfast faith, confident hope and passionate love. Our school is nationally recognized as a Blue Ribbon School of academic excellence. In all we do, we seek to follow the Gospel of Jesus Christ and build the Kingdom of God.","robots":{"index":"index","follow":"follow","max-snippet":"max-snippet:-1","max-image-preview":"max-image-preview:large","max-video-preview":"max-video-preview:-1"},"canonical":"https:\/\/stjoan.org\/wp\/ministries\/ministerio-cultural\/spanish-ministries\/rica\/","twitter_misc":{"Est. reading time":"1 minute"},"schema":{"@context":"https:\/\/schema.org","@graph":[{"@type":"WebSite","@id":"https:\/\/stjoan.org\/wp\/#website","url":"https:\/\/stjoan.org\/wp\/","name":"St. Joan of Arc Catholic Church and School","description":"Blue Ribbon School of Academic Excellence","potentialAction":[{"@type":"SearchAction","target":{"@type":"EntryPoint","urlTemplate":"https:\/\/stjoan.org\/wp\/?s={search_term_string}"},"query-input":"required name=search_term_string"}],"inLanguage":"en-US"},{"@type":"ImageObject","@id":"https:\/\/stjoan.org\/wp\/ministries\/ministerio-cultural\/spanish-ministries\/rica\/#primaryimage","inLanguage":"en-US","url":"https:\/\/stjoan.org\/wp\/wp-content\/uploads\/2012\/01\/RICA.jpg","contentUrl":"https:\/\/stjoan.org\/wp\/wp-content\/uploads\/2012\/01\/RICA.jpg","width":"454","height":"253"},{"@type":"WebPage","@id":"https:\/\/stjoan.org\/wp\/ministries\/ministerio-cultural\/spanish-ministries\/rica\/#webpage","url":"https:\/\/stjoan.org\/wp\/ministries\/ministerio-cultural\/spanish-ministries\/rica\/","name":"RICA - St. Joan of Arc Catholic Church and School","isPartOf":{"@id":"https:\/\/stjoan.org\/wp\/#website"},"primaryImageOfPage":{"@id":"https:\/\/stjoan.org\/wp\/ministries\/ministerio-cultural\/spanish-ministries\/rica\/#primaryimage"},"datePublished":"2012-01-20T04:12:13+00:00","dateModified":"2016-08-05T16:26:33+00:00","description":"St. Joan of Arc Catholic Church & School, Boca Raton, Florida A diverse Catholic community, that joyfully worships God, celebrates fellowship and cares for our neighbor with steadfast faith, confident hope and passionate love. Our school is nationally recognized as a Blue Ribbon School of academic excellence. In all we do, we seek to follow the Gospel of Jesus Christ and build the Kingdom of God.","breadcrumb":{"@id":"https:\/\/stjoan.org\/wp\/ministries\/ministerio-cultural\/spanish-ministries\/rica\/#breadcrumb"},"inLanguage":"en-US","potentialAction":[{"@type":"ReadAction","target":["https:\/\/stjoan.org\/wp\/ministries\/ministerio-cultural\/spanish-ministries\/rica\/"]}]},{"@type":"BreadcrumbList","@id":"https:\/\/stjoan.org\/wp\/ministries\/ministerio-cultural\/spanish-ministries\/rica\/#breadcrumb","itemListElement":[{"@type":"ListItem","position":1,"name":"Ministries","item":"https:\/\/stjoan.org\/wp\/ministries\/"},{"@type":"ListItem","position":2,"name":"Ministerio Hispano","item":"https:\/\/stjoan.org\/wp\/ministries\/ministerio-cultural\/"},{"@type":"ListItem","position":3,"name":"Sacramentos","item":"https:\/\/stjoan.org\/wp\/ministries\/ministerio-cultural\/spanish-ministries\/"},{"@type":"ListItem","position":4,"name":"RICA"}]}]}},"_links":{"self":[{"href":"https:\/\/stjoan.org\/wp\/wp-json\/wp\/v2\/pages\/201"}],"collection":[{"href":"https:\/\/stjoan.org\/wp\/wp-json\/wp\/v2\/pages"}],"about":[{"href":"https:\/\/stjoan.org\/wp\/wp-json\/wp\/v2\/types\/page"}],"author":[{"embeddable":true,"href":"https:\/\/stjoan.org\/wp\/wp-json\/wp\/v2\/users\/1"}],"replies":[{"embeddable":true,"href":"https:\/\/stjoan.org\/wp\/wp-json\/wp\/v2\/comments?post=201"}],"version-history":[{"count":23,"href":"https:\/\/stjoan.org\/wp\/wp-json\/wp\/v2\/pages\/201\/revisions"}],"predecessor-version":[{"id":11377,"href":"https:\/\/stjoan.org\/wp\/wp-json\/wp\/v2\/pages\/201\/revisions\/11377"}],"up":[{"embeddable":true,"href":"https:\/\/stjoan.org\/wp\/wp-json\/wp\/v2\/pages\/190"}],"wp:attachment":[{"href":"https:\/\/stjoan.org\/wp\/wp-json\/wp\/v2\/media?parent=201"}],"curies":[{"name":"wp","href":"https:\/\/api.w.org\/{rel}","templated":true}]}}