{"id":195,"date":"2012-01-19T23:09:43","date_gmt":"2012-01-20T04:09:43","guid":{"rendered":"https:\/\/stjoan.org\/wp\/?page_id=195"},"modified":"2022-10-17T17:07:23","modified_gmt":"2022-10-17T21:07:23","slug":"liturgia-de-la-palabra-para-los-ninos","status":"publish","type":"page","link":"https:\/\/stjoan.org\/wp\/ministries\/ministerio-cultural\/misa-espanol\/liturgia-de-la-palabra-para-los-ninos\/","title":{"rendered":"Liturgia de la Palabra para los ni\u00f1os"},"content":{"rendered":"<p><strong><em>En las misas en espa\u00f1ol \u00a0los ni\u00f1os se re\u00fanen en la capilla durante las lecturas y la homil\u00eda, para celebrar la Liturgia de la Palabra\u00a0<\/em><\/strong><\/p>\n<p style=\"text-align: center;\" align=\"center\">\n<p style=\"text-align: justify;\" align=\"center\">Todos los s\u00e1bados durante la Misa Dominical de las 5:30pm, se celebra la Liturgia de la Palabra para los ni\u00f1os.<\/p>\n<p style=\"text-align: justify;\" align=\"center\">Despu\u00e9s de la\u00a0 oraci\u00f3n de apertura, los ni\u00f1os a partir de los 4 a\u00f1os de edad, se re\u00fanen en la capilla durante las lecturas y la homil\u00eda.\u00a0 Los ni\u00f1os son acompa\u00f1ados por sus maestros catequistas, hacia la capilla en donde\u00a0se lee\u00a0\u00a0la palabra y se\u00a0 da\u00a0una explicaci\u00f3n\u00a0 con participaci\u00f3n de los ni\u00f1os.\u00a0 Los ni\u00f1os son recibidos de vuelta en la iglesia para participar de la celebraci\u00f3n de la Eucarist\u00eda y son ellos que llevan las ofrendas al altar.<\/p>\n<h3><\/h3>\n<h3><span style=\"color: #008000;\">Liturgy of the Word with Children<\/span><\/h3>\n<p style=\"text-align: justify;\" align=\"center\">While the parents attend mass the\u00a0children gather in\u00a0the chapel during\u00a0the readings and\u00a0the homily, to celebrate the\u00a0Liturgy of the Word with\u00a0the help of members of the Spanish community and\u00a0 catechists\u00a0of our parish.<\/p>\n","protected":false},"excerpt":{"rendered":"<p>En las misas en espa\u00f1ol \u00a0los ni\u00f1os se re\u00fanen en la capilla durante las lecturas y la homil\u00eda, para celebrar la Liturgia de la Palabra\u00a0 Todos los s\u00e1bados durante la Misa Dominical de las 5:30pm, se celebra la Liturgia de la Palabra para los ni\u00f1os. Despu\u00e9s de la\u00a0 oraci\u00f3n de apertura, los ni\u00f1os a partir [&hellip;]<\/p>\n","protected":false},"author":1,"featured_media":0,"parent":273,"menu_order":3,"comment_status":"open","ping_status":"closed","template":"","meta":{"_links_to":"","_links_to_target":""},"yoast_head":"<!-- This site is optimized with the Yoast SEO plugin v18.2 - https:\/\/yoast.com\/wordpress\/plugins\/seo\/ -->\n<meta name=\"description\" content=\"St. Joan of Arc Catholic Church &amp; School, Boca Raton, Florida A diverse Catholic community, that joyfully worships God, celebrates fellowship and cares for our neighbor with steadfast faith, confident hope and passionate love. Our school is nationally recognized as a Blue Ribbon School of academic excellence. In all we do, we seek to follow the Gospel of Jesus Christ and build the Kingdom of God.\" \/>\n<meta name=\"robots\" content=\"index, follow, max-snippet:-1, max-image-preview:large, max-video-preview:-1\" \/>\n<link rel=\"canonical\" href=\"https:\/\/stjoan.org\/wp\/ministries\/ministerio-cultural\/misa-espanol\/liturgia-de-la-palabra-para-los-ninos\/\" \/>\n<meta name=\"twitter:label1\" content=\"Est. reading time\" \/>\n\t<meta name=\"twitter:data1\" content=\"1 minute\" \/>\n<script type=\"application\/ld+json\" class=\"yoast-schema-graph\">{\"@context\":\"https:\/\/schema.org\",\"@graph\":[{\"@type\":\"WebSite\",\"@id\":\"https:\/\/stjoan.org\/wp\/#website\",\"url\":\"https:\/\/stjoan.org\/wp\/\",\"name\":\"St. Joan of Arc Catholic Church and School\",\"description\":\"Blue Ribbon School of Academic Excellence\",\"potentialAction\":[{\"@type\":\"SearchAction\",\"target\":{\"@type\":\"EntryPoint\",\"urlTemplate\":\"https:\/\/stjoan.org\/wp\/?s={search_term_string}\"},\"query-input\":\"required name=search_term_string\"}],\"inLanguage\":\"en-US\"},{\"@type\":\"WebPage\",\"@id\":\"https:\/\/stjoan.org\/wp\/ministries\/ministerio-cultural\/misa-espanol\/liturgia-de-la-palabra-para-los-ninos\/#webpage\",\"url\":\"https:\/\/stjoan.org\/wp\/ministries\/ministerio-cultural\/misa-espanol\/liturgia-de-la-palabra-para-los-ninos\/\",\"name\":\"Liturgia de la Palabra para los ni\u00f1os - St. Joan of Arc Catholic Church and School\",\"isPartOf\":{\"@id\":\"https:\/\/stjoan.org\/wp\/#website\"},\"datePublished\":\"2012-01-20T04:09:43+00:00\",\"dateModified\":\"2022-10-17T21:07:23+00:00\",\"description\":\"St. Joan of Arc Catholic Church & School, Boca Raton, Florida A diverse Catholic community, that joyfully worships God, celebrates fellowship and cares for our neighbor with steadfast faith, confident hope and passionate love. Our school is nationally recognized as a Blue Ribbon School of academic excellence. In all we do, we seek to follow the Gospel of Jesus Christ and build the Kingdom of God.\",\"breadcrumb\":{\"@id\":\"https:\/\/stjoan.org\/wp\/ministries\/ministerio-cultural\/misa-espanol\/liturgia-de-la-palabra-para-los-ninos\/#breadcrumb\"},\"inLanguage\":\"en-US\",\"potentialAction\":[{\"@type\":\"ReadAction\",\"target\":[\"https:\/\/stjoan.org\/wp\/ministries\/ministerio-cultural\/misa-espanol\/liturgia-de-la-palabra-para-los-ninos\/\"]}]},{\"@type\":\"BreadcrumbList\",\"@id\":\"https:\/\/stjoan.org\/wp\/ministries\/ministerio-cultural\/misa-espanol\/liturgia-de-la-palabra-para-los-ninos\/#breadcrumb\",\"itemListElement\":[{\"@type\":\"ListItem\",\"position\":1,\"name\":\"Ministries\",\"item\":\"https:\/\/stjoan.org\/wp\/ministries\/\"},{\"@type\":\"ListItem\",\"position\":2,\"name\":\"Ministerio Hispano\",\"item\":\"https:\/\/stjoan.org\/wp\/ministries\/ministerio-cultural\/\"},{\"@type\":\"ListItem\",\"position\":3,\"name\":\"Misa en Espa\u00f1ol\",\"item\":\"https:\/\/stjoan.org\/wp\/ministries\/ministerio-cultural\/misa-espanol\/\"},{\"@type\":\"ListItem\",\"position\":4,\"name\":\"Liturgia de la Palabra para los ni\u00f1os\"}]}]}<\/script>\n<!-- \/ Yoast SEO plugin. -->","yoast_head_json":{"description":"St. Joan of Arc Catholic Church & School, Boca Raton, Florida A diverse Catholic community, that joyfully worships God, celebrates fellowship and cares for our neighbor with steadfast faith, confident hope and passionate love. Our school is nationally recognized as a Blue Ribbon School of academic excellence. In all we do, we seek to follow the Gospel of Jesus Christ and build the Kingdom of God.","robots":{"index":"index","follow":"follow","max-snippet":"max-snippet:-1","max-image-preview":"max-image-preview:large","max-video-preview":"max-video-preview:-1"},"canonical":"https:\/\/stjoan.org\/wp\/ministries\/ministerio-cultural\/misa-espanol\/liturgia-de-la-palabra-para-los-ninos\/","twitter_misc":{"Est. reading time":"1 minute"},"schema":{"@context":"https:\/\/schema.org","@graph":[{"@type":"WebSite","@id":"https:\/\/stjoan.org\/wp\/#website","url":"https:\/\/stjoan.org\/wp\/","name":"St. Joan of Arc Catholic Church and School","description":"Blue Ribbon School of Academic Excellence","potentialAction":[{"@type":"SearchAction","target":{"@type":"EntryPoint","urlTemplate":"https:\/\/stjoan.org\/wp\/?s={search_term_string}"},"query-input":"required name=search_term_string"}],"inLanguage":"en-US"},{"@type":"WebPage","@id":"https:\/\/stjoan.org\/wp\/ministries\/ministerio-cultural\/misa-espanol\/liturgia-de-la-palabra-para-los-ninos\/#webpage","url":"https:\/\/stjoan.org\/wp\/ministries\/ministerio-cultural\/misa-espanol\/liturgia-de-la-palabra-para-los-ninos\/","name":"Liturgia de la Palabra para los ni\u00f1os - St. Joan of Arc Catholic Church and School","isPartOf":{"@id":"https:\/\/stjoan.org\/wp\/#website"},"datePublished":"2012-01-20T04:09:43+00:00","dateModified":"2022-10-17T21:07:23+00:00","description":"St. Joan of Arc Catholic Church & School, Boca Raton, Florida A diverse Catholic community, that joyfully worships God, celebrates fellowship and cares for our neighbor with steadfast faith, confident hope and passionate love. Our school is nationally recognized as a Blue Ribbon School of academic excellence. In all we do, we seek to follow the Gospel of Jesus Christ and build the Kingdom of God.","breadcrumb":{"@id":"https:\/\/stjoan.org\/wp\/ministries\/ministerio-cultural\/misa-espanol\/liturgia-de-la-palabra-para-los-ninos\/#breadcrumb"},"inLanguage":"en-US","potentialAction":[{"@type":"ReadAction","target":["https:\/\/stjoan.org\/wp\/ministries\/ministerio-cultural\/misa-espanol\/liturgia-de-la-palabra-para-los-ninos\/"]}]},{"@type":"BreadcrumbList","@id":"https:\/\/stjoan.org\/wp\/ministries\/ministerio-cultural\/misa-espanol\/liturgia-de-la-palabra-para-los-ninos\/#breadcrumb","itemListElement":[{"@type":"ListItem","position":1,"name":"Ministries","item":"https:\/\/stjoan.org\/wp\/ministries\/"},{"@type":"ListItem","position":2,"name":"Ministerio Hispano","item":"https:\/\/stjoan.org\/wp\/ministries\/ministerio-cultural\/"},{"@type":"ListItem","position":3,"name":"Misa en Espa\u00f1ol","item":"https:\/\/stjoan.org\/wp\/ministries\/ministerio-cultural\/misa-espanol\/"},{"@type":"ListItem","position":4,"name":"Liturgia de la Palabra para los ni\u00f1os"}]}]}},"_links":{"self":[{"href":"https:\/\/stjoan.org\/wp\/wp-json\/wp\/v2\/pages\/195"}],"collection":[{"href":"https:\/\/stjoan.org\/wp\/wp-json\/wp\/v2\/pages"}],"about":[{"href":"https:\/\/stjoan.org\/wp\/wp-json\/wp\/v2\/types\/page"}],"author":[{"embeddable":true,"href":"https:\/\/stjoan.org\/wp\/wp-json\/wp\/v2\/users\/1"}],"replies":[{"embeddable":true,"href":"https:\/\/stjoan.org\/wp\/wp-json\/wp\/v2\/comments?post=195"}],"version-history":[{"count":11,"href":"https:\/\/stjoan.org\/wp\/wp-json\/wp\/v2\/pages\/195\/revisions"}],"predecessor-version":[{"id":25449,"href":"https:\/\/stjoan.org\/wp\/wp-json\/wp\/v2\/pages\/195\/revisions\/25449"}],"up":[{"embeddable":true,"href":"https:\/\/stjoan.org\/wp\/wp-json\/wp\/v2\/pages\/273"}],"wp:attachment":[{"href":"https:\/\/stjoan.org\/wp\/wp-json\/wp\/v2\/media?parent=195"}],"curies":[{"name":"wp","href":"https:\/\/api.w.org\/{rel}","templated":true}]}}