{"id":1667,"date":"2012-05-09T10:22:20","date_gmt":"2012-05-09T14:22:20","guid":{"rendered":"https:\/\/stjoan.org\/wp\/?page_id=1667"},"modified":"2022-10-18T12:50:38","modified_gmt":"2022-10-18T16:50:38","slug":"la-belle","status":"publish","type":"page","link":"https:\/\/stjoan.org\/wp\/ministries\/ministerio-cultural\/eventos-anuales\/la-belle\/","title":{"rendered":"La Belle"},"content":{"rendered":"<p style=\"text-align: center;\"><a href=\"https:\/\/stjoan.org\/wp\/wp-content\/uploads\/2012\/05\/La_Belle.jpg\"><img loading=\"lazy\" class=\"aligncenter size-full wp-image-2344\" title=\"La_Belle\" src=\"https:\/\/stjoan.org\/wp\/wp-content\/uploads\/2012\/05\/La_Belle.jpg\" alt=\"\" width=\"454\" height=\"253\" srcset=\"https:\/\/stjoan.org\/wp\/wp-content\/uploads\/2012\/05\/La_Belle.jpg 454w, https:\/\/stjoan.org\/wp\/wp-content\/uploads\/2012\/05\/La_Belle-300x167.jpg 300w\" sizes=\"(max-width: 454px) 100vw, 454px\" \/><\/a><\/p>\n<p>Por los \u00faltimos 13 a\u00f1os, familias de la parroquia de Saint Joan of Arc han asistido a nuestros hermanos inmigrantes trabajadores del campo, de la comunidad de LaBelle, Florida\u00a0proveyendo canastas familiares antes de la Navidad. Estas canastas incluyen alimentos b\u00e1sicos, productos de higiene, ropa\u00a0y regalos para los ni\u00f1os, como tambi\u00e9n art\u00edculos religiosos llev\u00e1ndoles un mensaje de amor y esperanza. Este es un proyecto de evangelizaci\u00f3n a trav\u00e9s del cual\u00a0hemos visto que nuestra visita es una ocasi\u00f3n de alegr\u00eda y esperanza para ellos, sabiendo que hay un grupo de personas solidarios con su necesidad y condici\u00f3n. Este a\u00f1o pasado hemos podido ayudarlos a que tengan su documentaci\u00f3n al d\u00eda, para recuperar su identidad.\u00a0 Nos hace muy felices que hayamos podido hacer una diferencia en la vida de estos campesinos y que tengan la oportunidad de mejorar sus vidas y ofrecer algo mejor a sus hijos y familiares.<\/p>\n","protected":false},"excerpt":{"rendered":"<p>Por los \u00faltimos 13 a\u00f1os, familias de la parroquia de Saint Joan of Arc han asistido a nuestros hermanos inmigrantes trabajadores del campo, de la comunidad de LaBelle, Florida\u00a0proveyendo canastas familiares antes de la Navidad. Estas canastas incluyen alimentos b\u00e1sicos, productos de higiene, ropa\u00a0y regalos para los ni\u00f1os, como tambi\u00e9n art\u00edculos religiosos llev\u00e1ndoles un mensaje [&hellip;]<\/p>\n","protected":false},"author":42,"featured_media":0,"parent":1466,"menu_order":0,"comment_status":"open","ping_status":"open","template":"","meta":{"_links_to":"","_links_to_target":""},"yoast_head":"<!-- This site is optimized with the Yoast SEO plugin v18.2 - https:\/\/yoast.com\/wordpress\/plugins\/seo\/ -->\n<meta name=\"description\" content=\"St. Joan of Arc Catholic Church &amp; School, Boca Raton, Florida A diverse Catholic community, that joyfully worships God, celebrates fellowship and cares for our neighbor with steadfast faith, confident hope and passionate love. Our school is nationally recognized as a Blue Ribbon School of academic excellence. In all we do, we seek to follow the Gospel of Jesus Christ and build the Kingdom of God.\" \/>\n<meta name=\"robots\" content=\"index, follow, max-snippet:-1, max-image-preview:large, max-video-preview:-1\" \/>\n<link rel=\"canonical\" href=\"https:\/\/stjoan.org\/wp\/ministries\/ministerio-cultural\/eventos-anuales\/la-belle\/\" \/>\n<meta name=\"twitter:label1\" content=\"Est. reading time\" \/>\n\t<meta name=\"twitter:data1\" content=\"1 minute\" \/>\n<script type=\"application\/ld+json\" class=\"yoast-schema-graph\">{\"@context\":\"https:\/\/schema.org\",\"@graph\":[{\"@type\":\"WebSite\",\"@id\":\"https:\/\/stjoan.org\/wp\/#website\",\"url\":\"https:\/\/stjoan.org\/wp\/\",\"name\":\"St. Joan of Arc Catholic Church and School\",\"description\":\"Blue Ribbon School of Academic Excellence\",\"potentialAction\":[{\"@type\":\"SearchAction\",\"target\":{\"@type\":\"EntryPoint\",\"urlTemplate\":\"https:\/\/stjoan.org\/wp\/?s={search_term_string}\"},\"query-input\":\"required name=search_term_string\"}],\"inLanguage\":\"en-US\"},{\"@type\":\"ImageObject\",\"@id\":\"https:\/\/stjoan.org\/wp\/ministries\/ministerio-cultural\/eventos-anuales\/la-belle\/#primaryimage\",\"inLanguage\":\"en-US\",\"url\":\"https:\/\/stjoan.org\/wp\/wp-content\/uploads\/2012\/05\/La_Belle.jpg\",\"contentUrl\":\"https:\/\/stjoan.org\/wp\/wp-content\/uploads\/2012\/05\/La_Belle.jpg\",\"width\":\"454\",\"height\":\"253\"},{\"@type\":\"WebPage\",\"@id\":\"https:\/\/stjoan.org\/wp\/ministries\/ministerio-cultural\/eventos-anuales\/la-belle\/#webpage\",\"url\":\"https:\/\/stjoan.org\/wp\/ministries\/ministerio-cultural\/eventos-anuales\/la-belle\/\",\"name\":\"La Belle - St. Joan of Arc Catholic Church and School\",\"isPartOf\":{\"@id\":\"https:\/\/stjoan.org\/wp\/#website\"},\"primaryImageOfPage\":{\"@id\":\"https:\/\/stjoan.org\/wp\/ministries\/ministerio-cultural\/eventos-anuales\/la-belle\/#primaryimage\"},\"datePublished\":\"2012-05-09T14:22:20+00:00\",\"dateModified\":\"2022-10-18T16:50:38+00:00\",\"description\":\"St. Joan of Arc Catholic Church & School, Boca Raton, Florida A diverse Catholic community, that joyfully worships God, celebrates fellowship and cares for our neighbor with steadfast faith, confident hope and passionate love. Our school is nationally recognized as a Blue Ribbon School of academic excellence. In all we do, we seek to follow the Gospel of Jesus Christ and build the Kingdom of God.\",\"breadcrumb\":{\"@id\":\"https:\/\/stjoan.org\/wp\/ministries\/ministerio-cultural\/eventos-anuales\/la-belle\/#breadcrumb\"},\"inLanguage\":\"en-US\",\"potentialAction\":[{\"@type\":\"ReadAction\",\"target\":[\"https:\/\/stjoan.org\/wp\/ministries\/ministerio-cultural\/eventos-anuales\/la-belle\/\"]}]},{\"@type\":\"BreadcrumbList\",\"@id\":\"https:\/\/stjoan.org\/wp\/ministries\/ministerio-cultural\/eventos-anuales\/la-belle\/#breadcrumb\",\"itemListElement\":[{\"@type\":\"ListItem\",\"position\":1,\"name\":\"Ministries\",\"item\":\"https:\/\/stjoan.org\/wp\/ministries\/\"},{\"@type\":\"ListItem\",\"position\":2,\"name\":\"Ministerio Hispano\",\"item\":\"https:\/\/stjoan.org\/wp\/ministries\/ministerio-cultural\/\"},{\"@type\":\"ListItem\",\"position\":3,\"name\":\"Eventos Anuales\",\"item\":\"https:\/\/stjoan.org\/wp\/ministries\/ministerio-cultural\/eventos-anuales\/\"},{\"@type\":\"ListItem\",\"position\":4,\"name\":\"La Belle\"}]}]}<\/script>\n<!-- \/ Yoast SEO plugin. -->","yoast_head_json":{"description":"St. Joan of Arc Catholic Church & School, Boca Raton, Florida A diverse Catholic community, that joyfully worships God, celebrates fellowship and cares for our neighbor with steadfast faith, confident hope and passionate love. Our school is nationally recognized as a Blue Ribbon School of academic excellence. In all we do, we seek to follow the Gospel of Jesus Christ and build the Kingdom of God.","robots":{"index":"index","follow":"follow","max-snippet":"max-snippet:-1","max-image-preview":"max-image-preview:large","max-video-preview":"max-video-preview:-1"},"canonical":"https:\/\/stjoan.org\/wp\/ministries\/ministerio-cultural\/eventos-anuales\/la-belle\/","twitter_misc":{"Est. reading time":"1 minute"},"schema":{"@context":"https:\/\/schema.org","@graph":[{"@type":"WebSite","@id":"https:\/\/stjoan.org\/wp\/#website","url":"https:\/\/stjoan.org\/wp\/","name":"St. Joan of Arc Catholic Church and School","description":"Blue Ribbon School of Academic Excellence","potentialAction":[{"@type":"SearchAction","target":{"@type":"EntryPoint","urlTemplate":"https:\/\/stjoan.org\/wp\/?s={search_term_string}"},"query-input":"required name=search_term_string"}],"inLanguage":"en-US"},{"@type":"ImageObject","@id":"https:\/\/stjoan.org\/wp\/ministries\/ministerio-cultural\/eventos-anuales\/la-belle\/#primaryimage","inLanguage":"en-US","url":"https:\/\/stjoan.org\/wp\/wp-content\/uploads\/2012\/05\/La_Belle.jpg","contentUrl":"https:\/\/stjoan.org\/wp\/wp-content\/uploads\/2012\/05\/La_Belle.jpg","width":"454","height":"253"},{"@type":"WebPage","@id":"https:\/\/stjoan.org\/wp\/ministries\/ministerio-cultural\/eventos-anuales\/la-belle\/#webpage","url":"https:\/\/stjoan.org\/wp\/ministries\/ministerio-cultural\/eventos-anuales\/la-belle\/","name":"La Belle - St. Joan of Arc Catholic Church and School","isPartOf":{"@id":"https:\/\/stjoan.org\/wp\/#website"},"primaryImageOfPage":{"@id":"https:\/\/stjoan.org\/wp\/ministries\/ministerio-cultural\/eventos-anuales\/la-belle\/#primaryimage"},"datePublished":"2012-05-09T14:22:20+00:00","dateModified":"2022-10-18T16:50:38+00:00","description":"St. Joan of Arc Catholic Church & School, Boca Raton, Florida A diverse Catholic community, that joyfully worships God, celebrates fellowship and cares for our neighbor with steadfast faith, confident hope and passionate love. Our school is nationally recognized as a Blue Ribbon School of academic excellence. In all we do, we seek to follow the Gospel of Jesus Christ and build the Kingdom of God.","breadcrumb":{"@id":"https:\/\/stjoan.org\/wp\/ministries\/ministerio-cultural\/eventos-anuales\/la-belle\/#breadcrumb"},"inLanguage":"en-US","potentialAction":[{"@type":"ReadAction","target":["https:\/\/stjoan.org\/wp\/ministries\/ministerio-cultural\/eventos-anuales\/la-belle\/"]}]},{"@type":"BreadcrumbList","@id":"https:\/\/stjoan.org\/wp\/ministries\/ministerio-cultural\/eventos-anuales\/la-belle\/#breadcrumb","itemListElement":[{"@type":"ListItem","position":1,"name":"Ministries","item":"https:\/\/stjoan.org\/wp\/ministries\/"},{"@type":"ListItem","position":2,"name":"Ministerio Hispano","item":"https:\/\/stjoan.org\/wp\/ministries\/ministerio-cultural\/"},{"@type":"ListItem","position":3,"name":"Eventos Anuales","item":"https:\/\/stjoan.org\/wp\/ministries\/ministerio-cultural\/eventos-anuales\/"},{"@type":"ListItem","position":4,"name":"La Belle"}]}]}},"_links":{"self":[{"href":"https:\/\/stjoan.org\/wp\/wp-json\/wp\/v2\/pages\/1667"}],"collection":[{"href":"https:\/\/stjoan.org\/wp\/wp-json\/wp\/v2\/pages"}],"about":[{"href":"https:\/\/stjoan.org\/wp\/wp-json\/wp\/v2\/types\/page"}],"author":[{"embeddable":true,"href":"https:\/\/stjoan.org\/wp\/wp-json\/wp\/v2\/users\/42"}],"replies":[{"embeddable":true,"href":"https:\/\/stjoan.org\/wp\/wp-json\/wp\/v2\/comments?post=1667"}],"version-history":[{"count":7,"href":"https:\/\/stjoan.org\/wp\/wp-json\/wp\/v2\/pages\/1667\/revisions"}],"predecessor-version":[{"id":25478,"href":"https:\/\/stjoan.org\/wp\/wp-json\/wp\/v2\/pages\/1667\/revisions\/25478"}],"up":[{"embeddable":true,"href":"https:\/\/stjoan.org\/wp\/wp-json\/wp\/v2\/pages\/1466"}],"wp:attachment":[{"href":"https:\/\/stjoan.org\/wp\/wp-json\/wp\/v2\/media?parent=1667"}],"curies":[{"name":"wp","href":"https:\/\/api.w.org\/{rel}","templated":true}]}}